{"id":3754,"date":"2024-07-22T18:49:01","date_gmt":"2024-07-22T18:49:01","guid":{"rendered":"https:\/\/live-smartcorr.pantheonsite.io\/nos-systemes-de-gestion\/systeme-de-gestion-de-lassistance-a-la-clientele\/"},"modified":"2024-07-22T18:49:01","modified_gmt":"2024-07-22T18:49:01","slug":"systeme-de-gestion-de-lassistance-a-la-clientele","status":"publish","type":"page","link":"https:\/\/smartcorrs.com\/fr\/nos-systemes-de-gestion\/systeme-de-gestion-de-lassistance-a-la-clientele\/","title":{"rendered":"Syst\u00e8me de gestion de l&#8217;assistance \u00e0 la client\u00e8le"},"content":{"rendered":"","protected":false},"excerpt":{"rendered":"","protected":false},"author":1,"featured_media":0,"parent":3750,"menu_order":40,"comment_status":"closed","ping_status":"closed","template":"","meta":{"_acf_changed":false,"inline_featured_image":false,"footnotes":""},"class_list":["post-3754","page","type-page","status-publish","hentry"],"acf":[],"_links":{"self":[{"href":"https:\/\/smartcorrs.com\/fr\/wp-json\/wp\/v2\/pages\/3754","targetHints":{"allow":["GET"]}}],"collection":[{"href":"https:\/\/smartcorrs.com\/fr\/wp-json\/wp\/v2\/pages"}],"about":[{"href":"https:\/\/smartcorrs.com\/fr\/wp-json\/wp\/v2\/types\/page"}],"author":[{"embeddable":true,"href":"https:\/\/smartcorrs.com\/fr\/wp-json\/wp\/v2\/users\/1"}],"replies":[{"embeddable":true,"href":"https:\/\/smartcorrs.com\/fr\/wp-json\/wp\/v2\/comments?post=3754"}],"version-history":[{"count":0,"href":"https:\/\/smartcorrs.com\/fr\/wp-json\/wp\/v2\/pages\/3754\/revisions"}],"up":[{"embeddable":true,"href":"https:\/\/smartcorrs.com\/fr\/wp-json\/wp\/v2\/pages\/3750"}],"wp:attachment":[{"href":"https:\/\/smartcorrs.com\/fr\/wp-json\/wp\/v2\/media?parent=3754"}],"curies":[{"name":"wp","href":"https:\/\/api.w.org\/{rel}","templated":true}]}}