{"id":3620,"date":"2024-08-27T20:28:50","date_gmt":"2024-08-27T20:28:50","guid":{"rendered":"https:\/\/live-smartcorr.pantheonsite.io\/products\/ferramenta-de-recuperacao-de-cupoes-de-corrosao\/"},"modified":"2024-12-02T15:32:21","modified_gmt":"2024-12-02T15:32:21","slug":"ferramenta-de-recuperacao-de-cupoes-de-corrosao","status":"publish","type":"product","link":"https:\/\/smartcorrs.com\/pt-pt\/products\/ferramenta-de-recuperacao-de-cupoes-de-corrosao\/","title":{"rendered":"Ferramenta de recupera\u00e7\u00e3o de cup\u00f5es de corros\u00e3o"},"parent":3671,"menu_order":46,"template":"","class_list":["post-3620","product","type-product","status-publish","hentry"],"acf":[],"_links":{"self":[{"href":"https:\/\/smartcorrs.com\/pt-pt\/wp-json\/wp\/v2\/product\/3620","targetHints":{"allow":["GET"]}}],"collection":[{"href":"https:\/\/smartcorrs.com\/pt-pt\/wp-json\/wp\/v2\/product"}],"about":[{"href":"https:\/\/smartcorrs.com\/pt-pt\/wp-json\/wp\/v2\/types\/product"}],"version-history":[{"count":1,"href":"https:\/\/smartcorrs.com\/pt-pt\/wp-json\/wp\/v2\/product\/3620\/revisions"}],"predecessor-version":[{"id":3675,"href":"https:\/\/smartcorrs.com\/pt-pt\/wp-json\/wp\/v2\/product\/3620\/revisions\/3675"}],"up":[{"embeddable":true,"href":"https:\/\/smartcorrs.com\/pt-pt\/wp-json\/wp\/v2\/product\/3671"}],"wp:attachment":[{"href":"https:\/\/smartcorrs.com\/pt-pt\/wp-json\/wp\/v2\/media?parent=3620"}],"curies":[{"name":"wp","href":"https:\/\/api.w.org\/{rel}","templated":true}]}}