{"id":3671,"date":"2024-08-27T20:21:28","date_gmt":"2024-08-27T20:21:28","guid":{"rendered":"https:\/\/live-smartcorr.pantheonsite.io\/products\/sistema-de-monitorizacao-da-corrosao\/"},"modified":"2024-08-27T20:21:28","modified_gmt":"2024-08-27T20:21:28","slug":"sistema-de-monitorizacao-da-corrosao","status":"publish","type":"product","link":"https:\/\/smartcorrs.com\/pt-pt\/products\/sistema-de-monitorizacao-da-corrosao\/","title":{"rendered":"Sistema de monitoriza\u00e7\u00e3o da corros\u00e3o"},"parent":0,"menu_order":21,"template":"","class_list":["post-3671","product","type-product","status-publish","hentry"],"acf":[],"_links":{"self":[{"href":"https:\/\/smartcorrs.com\/pt-pt\/wp-json\/wp\/v2\/product\/3671","targetHints":{"allow":["GET"]}}],"collection":[{"href":"https:\/\/smartcorrs.com\/pt-pt\/wp-json\/wp\/v2\/product"}],"about":[{"href":"https:\/\/smartcorrs.com\/pt-pt\/wp-json\/wp\/v2\/types\/product"}],"version-history":[{"count":0,"href":"https:\/\/smartcorrs.com\/pt-pt\/wp-json\/wp\/v2\/product\/3671\/revisions"}],"wp:attachment":[{"href":"https:\/\/smartcorrs.com\/pt-pt\/wp-json\/wp\/v2\/media?parent=3671"}],"curies":[{"name":"wp","href":"https:\/\/api.w.org\/{rel}","templated":true}]}}